{"id":146,"date":"2023-03-29T07:34:15","date_gmt":"2023-03-29T07:34:15","guid":{"rendered":"https:\/\/wp1.themevibrant.com\/newwp\/buildnox2\/?page_id=146"},"modified":"2026-02-27T12:02:25","modified_gmt":"2026-02-27T12:02:25","slug":"contacto","status":"publish","type":"page","link":"https:\/\/www.cerramientosdelturia.com\/en\/contacto\/","title":{"rendered":"Contact"},"content":{"rendered":"<div data-elementor-type=\"wp-page\" data-elementor-id=\"146\" class=\"elementor elementor-146\">\n\t\t\t\t\t\t<section class=\"elementor-section elementor-top-section elementor-element elementor-element-42b5a53 elementor-section-full_width elementor-section-height-default elementor-section-height-default\" data-id=\"42b5a53\" data-element_type=\"section\" data-settings=\"{&quot;background_background&quot;:&quot;classic&quot;}\">\n\t\t\t\t\t\t<div class=\"elementor-container elementor-column-gap-default\">\n\t\t\t\t\t<div class=\"elementor-column elementor-col-100 elementor-top-column elementor-element elementor-element-c6c4df7\" data-id=\"c6c4df7\" data-element_type=\"column\">\n\t\t\t<div class=\"elementor-widget-wrap elementor-element-populated\">\n\t\t\t\t\t\t<section class=\"elementor-section elementor-inner-section elementor-element elementor-element-bcd39e9 elementor-section-boxed elementor-section-height-default elementor-section-height-default\" data-id=\"bcd39e9\" data-element_type=\"section\">\n\t\t\t\t\t\t<div class=\"elementor-container elementor-column-gap-default\">\n\t\t\t\t\t<div class=\"elementor-column elementor-col-100 elementor-inner-column elementor-element elementor-element-32712b8\" data-id=\"32712b8\" data-element_type=\"column\">\n\t\t\t<div class=\"elementor-widget-wrap elementor-element-populated\">\n\t\t\t\t\t\t<div class=\"elementor-element elementor-element-72c4161 elementor-widget elementor-widget-buildnox_hero_title\" data-id=\"72c4161\" data-element_type=\"widget\" data-widget_type=\"buildnox_hero_title.default\">\n\t\t\t\t<div class=\"elementor-widget-container\">\n\t\t\t\t\t    \r\n        \r\n    <div class=\"build-title-wrap\">\r\n                <h6 class=\"te-bn-subtitle theme-color ff_sec fw_bold tt_u fs_14 ls_1 mb_15\"><span class=\"te-bn-subtitle_line w_30 h_2 theme-bg mr_10 d_iblock v_middle\"><\/span>Let's talk!<\/h6>\r\n\t\t\t\t\t\r\n\t\t        <div class=\"main____title\">\r\n\t\t\t<h2 class=\"fw_black fs_45 mb_20 te-bn-title buildnox-size-default\">Send us a message<\/h2>        <\/div>\r\n                \r\n\t\t    <\/div>   \r\n    \r\n    \t\t\t\t<\/div>\n\t\t\t\t<\/div>\n\t\t\t\t\t<\/div>\n\t\t<\/div>\n\t\t\t\t\t<\/div>\n\t\t<\/section>\n\t\t\t\t<section class=\"elementor-section elementor-inner-section elementor-element elementor-element-e946be0 elementor-section-boxed elementor-section-height-default elementor-section-height-default\" data-id=\"e946be0\" data-element_type=\"section\">\n\t\t\t\t\t\t<div class=\"elementor-container elementor-column-gap-default\">\n\t\t\t\t\t<div class=\"elementor-column elementor-col-50 elementor-inner-column elementor-element elementor-element-00f044c\" data-id=\"00f044c\" data-element_type=\"column\">\n\t\t\t<div class=\"elementor-widget-wrap elementor-element-populated\">\n\t\t\t\t\t\t<div class=\"elementor-element elementor-element-96edaa2 elementor-widget elementor-widget-shortcode\" data-id=\"96edaa2\" data-element_type=\"widget\" data-widget_type=\"shortcode.default\">\n\t\t\t\t<div class=\"elementor-widget-container\">\n\t\t\t\t\t\t\t<div class=\"elementor-shortcode\">\n<div class=\"wpcf7 no-js\" id=\"wpcf7-f16801-o1\" lang=\"en-US\" dir=\"ltr\" data-wpcf7-id=\"16801\">\n<div class=\"screen-reader-response\"><p role=\"status\" aria-live=\"polite\" aria-atomic=\"true\"><\/p> <ul><\/ul><\/div>\n<form action=\"\/en\/wp-json\/wp\/v2\/pages\/146#wpcf7-f16801-o1\" method=\"post\" class=\"wpcf7-form init\" aria-label=\"Contact form\" novalidate=\"novalidate\" data-status=\"init\" data-trp-original-action=\"\/en\/wp-json\/wp\/v2\/pages\/146#wpcf7-f16801-o1\">\n<fieldset class=\"hidden-fields-container\"><input type=\"hidden\" name=\"_wpcf7\" value=\"16801\" \/><input type=\"hidden\" name=\"_wpcf7_version\" value=\"6.1.5\" \/><input type=\"hidden\" name=\"_wpcf7_locale\" value=\"en_US\" \/><input type=\"hidden\" name=\"_wpcf7_unit_tag\" value=\"wpcf7-f16801-o1\" \/><input type=\"hidden\" name=\"_wpcf7_container_post\" value=\"0\" \/><input type=\"hidden\" name=\"_wpcf7_posted_data_hash\" value=\"\" \/>\n<\/fieldset>\n<div class=\"row clearfix\">\n\t<div class=\"te-contact-form form-group col-md-6\">\n\t\t<p><span class=\"wpcf7-form-control-wrap\" data-name=\"text-176\"><input size=\"40\" maxlength=\"400\" class=\"wpcf7-form-control wpcf7-text wpcf7-validates-as-required\" aria-required=\"true\" aria-invalid=\"false\" placeholder=\"Name\" value=\"\" type=\"text\" name=\"text-176\" \/><\/span>\n\t\t<\/p>\n\t<\/div>\n\t<div class=\"te-contact-form form-group col-md-6\">\n\t\t<p><span class=\"wpcf7-form-control-wrap\" data-name=\"email-219\"><input size=\"40\" maxlength=\"400\" class=\"wpcf7-form-control wpcf7-email wpcf7-validates-as-required wpcf7-text wpcf7-validates-as-email\" aria-required=\"true\" aria-invalid=\"false\" placeholder=\"e-mail\" value=\"\" type=\"email\" name=\"email-219\" \/><\/span>\n\t\t<\/p>\n\t<\/div>\n\t<div class=\"te-contact-form form-group col-md-12\">\n\t\t<p><span class=\"wpcf7-form-control-wrap\" data-name=\"text-177\"><input size=\"40\" maxlength=\"400\" class=\"wpcf7-form-control wpcf7-text wpcf7-validates-as-required\" aria-required=\"true\" aria-invalid=\"false\" placeholder=\"Phone\" value=\"\" type=\"text\" name=\"text-177\" \/><\/span>\n\t\t<\/p>\n\t<\/div>\n\t<div class=\"te-contact-form form-group col-md-12\">\n\t\t<p><span class=\"wpcf7-form-control-wrap\" data-name=\"textarea-733\"><textarea cols=\"40\" rows=\"10\" maxlength=\"2000\" class=\"wpcf7-form-control wpcf7-textarea wpcf7-validates-as-required\" aria-required=\"true\" aria-invalid=\"false\" placeholder=\"Message\" name=\"textarea-733\"><\/textarea><\/span>\n\t\t<\/p>\n\t<\/div>\n\t<div class=\"form-group col-md-12 text-center\">\n\t\t<p><input id=\"form_botcheck\" name=\"form_botcheck\" class=\"form-control\" type=\"hidden\" value=\"\" \/><button class=\"thm-btn btn-1 w-100 text-center pt_18 pb_15 pl_30 pr_30 b_radius_5 ff_sec fw_bold tt_u fs_14 ls_1 yt-btn-title-v1\" type=\"submit\" data-loading-text=\"Please wait...\">Send <i class=\"flaticon-fast-forward\"><\/i><span><\/span><\/button>\n\t\t<\/p>\n\t<\/div>\n<\/div><div class=\"wpcf7-response-output\" aria-hidden=\"true\"><\/div>\n<input type=\"hidden\" name=\"trp-form-language\" value=\"en\"\/><\/form>\n<\/div>\n<\/div>\n\t\t\t\t\t\t<\/div>\n\t\t\t\t<\/div>\n\t\t\t\t\t<\/div>\n\t\t<\/div>\n\t\t\t\t<div class=\"elementor-column elementor-col-50 elementor-inner-column elementor-element elementor-element-ec85edc\" data-id=\"ec85edc\" data-element_type=\"column\">\n\t\t\t<div class=\"elementor-widget-wrap elementor-element-populated\">\n\t\t\t\t\t\t<div class=\"elementor-element elementor-element-25eb5bc elementor-widget elementor-widget-buildnox_buildnox_feature\" data-id=\"25eb5bc\" data-element_type=\"widget\" data-widget_type=\"buildnox_buildnox_feature.default\">\n\t\t\t\t<div class=\"elementor-widget-container\">\n\t\t\t\t\t    \n\t    \n    <div class=\"bn-feature-service\">\n        <div class=\"d-flex align-items-start pb_30\">\n            <img decoding=\"async\" class=\"mr_20 mt_10\" src=\"https:\/\/www.cerramientosdelturia.com\/wp-content\/uploads\/2023\/04\/icon-map.png\" alt=\"Awesome Image\">            <p class=\"mb_0 lh_30\"><span class=\"fs_20 fw_bold c_dark bn-feature-title\">Address:<\/span><span class=\"bn-feature-content\">Calle Cheste, 26 - bj <br> Aldaia, 46960, Valencia<\/span><\/p>        <\/div>\n    <\/div>\n    \n                \n    \t\t\t\t<\/div>\n\t\t\t\t<\/div>\n\t\t\t\t<div class=\"elementor-element elementor-element-cbf41b9 elementor-widget elementor-widget-buildnox_buildnox_feature\" data-id=\"cbf41b9\" data-element_type=\"widget\" data-widget_type=\"buildnox_buildnox_feature.default\">\n\t\t\t\t<div class=\"elementor-widget-container\">\n\t\t\t\t\t    \n\t    \n    <div class=\"bn-feature-service\">\n        <div class=\"d-flex align-items-start pb_30\">\n            <img decoding=\"async\" class=\"mr_20 mt_10\" src=\"https:\/\/www.cerramientosdelturia.com\/wp-content\/uploads\/2023\/04\/icon-phone.png\" alt=\"Awesome Image\">            <p class=\"mb_0 lh_30\"><span class=\"fs_20 fw_bold c_dark bn-feature-title\">Phone:<\/span><span class=\"bn-feature-content\"><a href=\"tel:671506614\">671 506 614<\/a> <\/span><\/p>        <\/div>\n    <\/div>\n    \n                \n    \t\t\t\t<\/div>\n\t\t\t\t<\/div>\n\t\t\t\t<div class=\"elementor-element elementor-element-e5b0a18 elementor-widget elementor-widget-buildnox_buildnox_feature\" data-id=\"e5b0a18\" data-element_type=\"widget\" data-widget_type=\"buildnox_buildnox_feature.default\">\n\t\t\t\t<div class=\"elementor-widget-container\">\n\t\t\t\t\t    \n\t    \n    <div class=\"bn-feature-service\">\n        <div class=\"d-flex align-items-start pb_30\">\n            <img decoding=\"async\" class=\"mr_20 mt_10\" src=\"https:\/\/www.cerramientosdelturia.com\/wp-content\/uploads\/2023\/04\/icon-mail.png\" alt=\"Awesome Image\">            <p class=\"mb_0 lh_30\"><span class=\"fs_20 fw_bold c_dark bn-feature-title\">Mail:<\/span><span class=\"bn-feature-content\"> <a href=\"mailto:cerramientosdelturia@gmail.com\">cerramientosdelturia@gmail.com<\/a><\/span><\/p>        <\/div>\n    <\/div>\n    \n                \n    \t\t\t\t<\/div>\n\t\t\t\t<\/div>\n\t\t\t\t\t<\/div>\n\t\t<\/div>\n\t\t\t\t\t<\/div>\n\t\t<\/section>\n\t\t\t\t\t<\/div>\n\t\t<\/div>\n\t\t\t\t\t<\/div>\n\t\t<\/section>\n\t\t\t\t<section class=\"elementor-section elementor-top-section elementor-element elementor-element-0e816e4 elementor-section-full_width elementor-section-height-default elementor-section-height-default\" data-id=\"0e816e4\" data-element_type=\"section\">\n\t\t\t\t\t\t<div class=\"elementor-container elementor-column-gap-default\">\n\t\t\t\t\t<div class=\"elementor-column elementor-col-100 elementor-top-column elementor-element elementor-element-0ed721f\" data-id=\"0ed721f\" data-element_type=\"column\">\n\t\t\t<div class=\"elementor-widget-wrap elementor-element-populated\">\n\t\t\t\t\t\t<section class=\"elementor-section elementor-inner-section elementor-element elementor-element-b4cc08d elementor-section-full_width elementor-section-height-default elementor-section-height-default\" data-id=\"b4cc08d\" data-element_type=\"section\">\n\t\t\t\t\t\t<div class=\"elementor-container elementor-column-gap-default\">\n\t\t\t\t\t<div class=\"elementor-column elementor-col-100 elementor-inner-column elementor-element elementor-element-816c407\" data-id=\"816c407\" data-element_type=\"column\">\n\t\t\t<div class=\"elementor-widget-wrap elementor-element-populated\">\n\t\t\t\t\t\t<div class=\"elementor-element elementor-element-3ae5d52 elementor-widget elementor-widget-buildnox_google_map\" data-id=\"3ae5d52\" data-element_type=\"widget\" data-settings=\"{&quot;buildnox_layout_margin&quot;:{&quot;unit&quot;:&quot;px&quot;,&quot;top&quot;:&quot;&quot;,&quot;right&quot;:&quot;&quot;,&quot;bottom&quot;:&quot;&quot;,&quot;left&quot;:&quot;&quot;,&quot;isLinked&quot;:true},&quot;buildnox_layout_margin_tablet&quot;:{&quot;unit&quot;:&quot;px&quot;,&quot;top&quot;:&quot;&quot;,&quot;right&quot;:&quot;&quot;,&quot;bottom&quot;:&quot;&quot;,&quot;left&quot;:&quot;&quot;,&quot;isLinked&quot;:true},&quot;buildnox_layout_margin_mobile&quot;:{&quot;unit&quot;:&quot;px&quot;,&quot;top&quot;:&quot;&quot;,&quot;right&quot;:&quot;&quot;,&quot;bottom&quot;:&quot;&quot;,&quot;left&quot;:&quot;&quot;,&quot;isLinked&quot;:true},&quot;buildnox_layout_padding&quot;:{&quot;unit&quot;:&quot;px&quot;,&quot;top&quot;:&quot;&quot;,&quot;right&quot;:&quot;&quot;,&quot;bottom&quot;:&quot;&quot;,&quot;left&quot;:&quot;&quot;,&quot;isLinked&quot;:true},&quot;buildnox_layout_padding_tablet&quot;:{&quot;unit&quot;:&quot;px&quot;,&quot;top&quot;:&quot;&quot;,&quot;right&quot;:&quot;&quot;,&quot;bottom&quot;:&quot;&quot;,&quot;left&quot;:&quot;&quot;,&quot;isLinked&quot;:true},&quot;buildnox_layout_padding_mobile&quot;:{&quot;unit&quot;:&quot;px&quot;,&quot;top&quot;:&quot;&quot;,&quot;right&quot;:&quot;&quot;,&quot;bottom&quot;:&quot;&quot;,&quot;left&quot;:&quot;&quot;,&quot;isLinked&quot;:true}}\" data-widget_type=\"buildnox_google_map.default\">\n\t\t\t\t<div class=\"elementor-widget-container\">\n\t\t\t\t\t        \n    <div class=\"bn-google-map map\">\n        <iframe src=\"https:\/\/www.google.com\/maps\/embed?pb=!1m18!1m12!1m3!1d6160.412518766753!2d-0.46904852350382814!3d39.464668813033256!2m3!1f0!2f0!3f0!3m2!1i1024!2i768!4f13.1!3m3!1m2!1s0xd60503e2982dca5%3A0xcb21a17e92449f4a!2sC.%20Cheste%2C%2026%2C%2046960%20Aldaya%2C%20Valencia!5e0!3m2!1ses!2ses!4v1736416348011!5m2!1ses!2ses\" width=\"600\" height=\"450\" style=\"border:0;\" allowfullscreen=\"\" loading=\"lazy\" referrerpolicy=\"no-referrer-when-downgrade\"><\/iframe>    <\/div>\n    \n       \n    \t\t\t\t<\/div>\n\t\t\t\t<\/div>\n\t\t\t\t\t<\/div>\n\t\t<\/div>\n\t\t\t\t\t<\/div>\n\t\t<\/section>\n\t\t\t\t\t<\/div>\n\t\t<\/div>\n\t\t\t\t\t<\/div>\n\t\t<\/section>\n\t\t\t\t<\/div>","protected":false},"excerpt":{"rendered":"<p>Hablamos! Env\u00edanos un mensaje Direcci\u00f3n:Calle Cheste, 26 &#8211; bj Aldaia, 46960, Valencia Tel\u00e9fono:671 506 614 Correo: cerramientosdelturia@gmail.com<\/p>","protected":false},"author":1,"featured_media":0,"parent":0,"menu_order":0,"comment_status":"closed","ping_status":"closed","template":"tpl-default-elementor.php","meta":{"footnotes":""},"class_list":["post-146","page","type-page","status-publish","hentry"],"yoast_head":"<!-- This site is optimized with the Yoast SEO plugin v27.0 - https:\/\/yoast.com\/product\/yoast-seo-wordpress\/ -->\n<title>Contacto - Cerramientos del Turia<\/title>\n<meta name=\"robots\" content=\"index, follow, max-snippet:-1, max-image-preview:large, max-video-preview:-1\" \/>\n<link rel=\"canonical\" href=\"https:\/\/www.cerramientosdelturia.com\/en\/contacto\/\" \/>\n<meta property=\"og:locale\" content=\"en_GB\" \/>\n<meta property=\"og:type\" content=\"article\" \/>\n<meta property=\"og:title\" content=\"Contacto - Cerramientos del Turia\" \/>\n<meta property=\"og:description\" content=\"Hablamos! Env\u00edanos un mensaje Direcci\u00f3n:Calle Cheste, 26 &#8211; bj Aldaia, 46960, Valencia Tel\u00e9fono:671 506 614 Correo: cerramientosdelturia@gmail.com\" \/>\n<meta property=\"og:url\" content=\"https:\/\/www.cerramientosdelturia.com\/en\/contacto\/\" \/>\n<meta property=\"og:site_name\" content=\"Cerramientos del Turia\" \/>\n<meta property=\"article:modified_time\" content=\"2026-02-27T12:02:25+00:00\" \/>\n<meta property=\"og:image\" content=\"https:\/\/www.cerramientosdelturia.com\/wp-content\/uploads\/2023\/04\/icon-map.png\" \/>\n<meta name=\"twitter:card\" content=\"summary_large_image\" \/>\n<meta name=\"twitter:label1\" content=\"Estimated reading time\" \/>\n\t<meta name=\"twitter:data1\" content=\"1 minute\" \/>\n<script type=\"application\/ld+json\" class=\"yoast-schema-graph\">{\"@context\":\"https:\/\/schema.org\",\"@graph\":[{\"@type\":\"WebPage\",\"@id\":\"https:\/\/www.cerramientosdelturia.com\/contacto\/\",\"url\":\"https:\/\/www.cerramientosdelturia.com\/contacto\/\",\"name\":\"Contacto - Cerramientos del Turia\",\"isPartOf\":{\"@id\":\"https:\/\/www.cerramientosdelturia.com\/#website\"},\"primaryImageOfPage\":{\"@id\":\"https:\/\/www.cerramientosdelturia.com\/contacto\/#primaryimage\"},\"image\":{\"@id\":\"https:\/\/www.cerramientosdelturia.com\/contacto\/#primaryimage\"},\"thumbnailUrl\":\"https:\/\/www.cerramientosdelturia.com\/wp-content\/uploads\/2023\/04\/icon-map.png\",\"datePublished\":\"2023-03-29T07:34:15+00:00\",\"dateModified\":\"2026-02-27T12:02:25+00:00\",\"breadcrumb\":{\"@id\":\"https:\/\/www.cerramientosdelturia.com\/contacto\/#breadcrumb\"},\"inLanguage\":\"en-GB\",\"potentialAction\":[{\"@type\":\"ReadAction\",\"target\":[\"https:\/\/www.cerramientosdelturia.com\/contacto\/\"]}]},{\"@type\":\"ImageObject\",\"inLanguage\":\"en-GB\",\"@id\":\"https:\/\/www.cerramientosdelturia.com\/contacto\/#primaryimage\",\"url\":\"https:\/\/www.cerramientosdelturia.com\/wp-content\/uploads\/2023\/04\/icon-map.png\",\"contentUrl\":\"https:\/\/www.cerramientosdelturia.com\/wp-content\/uploads\/2023\/04\/icon-map.png\"},{\"@type\":\"BreadcrumbList\",\"@id\":\"https:\/\/www.cerramientosdelturia.com\/contacto\/#breadcrumb\",\"itemListElement\":[{\"@type\":\"ListItem\",\"position\":1,\"name\":\"Portada\",\"item\":\"https:\/\/www.cerramientosdelturia.com\/\"},{\"@type\":\"ListItem\",\"position\":2,\"name\":\"Contacto\"}]},{\"@type\":\"WebSite\",\"@id\":\"https:\/\/www.cerramientosdelturia.com\/#website\",\"url\":\"https:\/\/www.cerramientosdelturia.com\/\",\"name\":\"Cerramientos del Turia\",\"description\":\"\",\"publisher\":{\"@id\":\"https:\/\/www.cerramientosdelturia.com\/#organization\"},\"potentialAction\":[{\"@type\":\"SearchAction\",\"target\":{\"@type\":\"EntryPoint\",\"urlTemplate\":\"https:\/\/www.cerramientosdelturia.com\/?s={search_term_string}\"},\"query-input\":{\"@type\":\"PropertyValueSpecification\",\"valueRequired\":true,\"valueName\":\"search_term_string\"}}],\"inLanguage\":\"en-GB\"},{\"@type\":\"Organization\",\"@id\":\"https:\/\/www.cerramientosdelturia.com\/#organization\",\"name\":\"Cerramientos del Turia\",\"url\":\"https:\/\/www.cerramientosdelturia.com\/\",\"logo\":{\"@type\":\"ImageObject\",\"inLanguage\":\"en-GB\",\"@id\":\"https:\/\/www.cerramientosdelturia.com\/#\/schema\/logo\/image\/\",\"url\":\"https:\/\/www.cerramientosdelturia.com\/wp-content\/uploads\/2023\/03\/logo.png\",\"contentUrl\":\"https:\/\/www.cerramientosdelturia.com\/wp-content\/uploads\/2023\/03\/logo.png\",\"width\":202,\"height\":51,\"caption\":\"Cerramientos del Turia\"},\"image\":{\"@id\":\"https:\/\/www.cerramientosdelturia.com\/#\/schema\/logo\/image\/\"}}]}<\/script>\n<!-- \/ Yoast SEO plugin. -->","yoast_head_json":{"title":"Contacto - Cerramientos del Turia","robots":{"index":"index","follow":"follow","max-snippet":"max-snippet:-1","max-image-preview":"max-image-preview:large","max-video-preview":"max-video-preview:-1"},"canonical":"https:\/\/www.cerramientosdelturia.com\/en\/contacto\/","og_locale":"en_GB","og_type":"article","og_title":"Contacto - Cerramientos del Turia","og_description":"Hablamos! Env\u00edanos un mensaje Direcci\u00f3n:Calle Cheste, 26 &#8211; bj Aldaia, 46960, Valencia Tel\u00e9fono:671 506 614 Correo: cerramientosdelturia@gmail.com","og_url":"https:\/\/www.cerramientosdelturia.com\/en\/contacto\/","og_site_name":"Cerramientos del Turia","article_modified_time":"2026-02-27T12:02:25+00:00","og_image":[{"url":"https:\/\/www.cerramientosdelturia.com\/wp-content\/uploads\/2023\/04\/icon-map.png","type":"","width":"","height":""}],"twitter_card":"summary_large_image","twitter_misc":{"Estimated reading time":"1 minute"},"schema":{"@context":"https:\/\/schema.org","@graph":[{"@type":"WebPage","@id":"https:\/\/www.cerramientosdelturia.com\/contacto\/","url":"https:\/\/www.cerramientosdelturia.com\/contacto\/","name":"Contacto - Cerramientos del Turia","isPartOf":{"@id":"https:\/\/www.cerramientosdelturia.com\/#website"},"primaryImageOfPage":{"@id":"https:\/\/www.cerramientosdelturia.com\/contacto\/#primaryimage"},"image":{"@id":"https:\/\/www.cerramientosdelturia.com\/contacto\/#primaryimage"},"thumbnailUrl":"https:\/\/www.cerramientosdelturia.com\/wp-content\/uploads\/2023\/04\/icon-map.png","datePublished":"2023-03-29T07:34:15+00:00","dateModified":"2026-02-27T12:02:25+00:00","breadcrumb":{"@id":"https:\/\/www.cerramientosdelturia.com\/contacto\/#breadcrumb"},"inLanguage":"en-GB","potentialAction":[{"@type":"ReadAction","target":["https:\/\/www.cerramientosdelturia.com\/contacto\/"]}]},{"@type":"ImageObject","inLanguage":"en-GB","@id":"https:\/\/www.cerramientosdelturia.com\/contacto\/#primaryimage","url":"https:\/\/www.cerramientosdelturia.com\/wp-content\/uploads\/2023\/04\/icon-map.png","contentUrl":"https:\/\/www.cerramientosdelturia.com\/wp-content\/uploads\/2023\/04\/icon-map.png"},{"@type":"BreadcrumbList","@id":"https:\/\/www.cerramientosdelturia.com\/contacto\/#breadcrumb","itemListElement":[{"@type":"ListItem","position":1,"name":"Portada","item":"https:\/\/www.cerramientosdelturia.com\/"},{"@type":"ListItem","position":2,"name":"Contacto"}]},{"@type":"WebSite","@id":"https:\/\/www.cerramientosdelturia.com\/#website","url":"https:\/\/www.cerramientosdelturia.com\/","name":"Cerramientos del Turia","description":"","publisher":{"@id":"https:\/\/www.cerramientosdelturia.com\/#organization"},"potentialAction":[{"@type":"SearchAction","target":{"@type":"EntryPoint","urlTemplate":"https:\/\/www.cerramientosdelturia.com\/?s={search_term_string}"},"query-input":{"@type":"PropertyValueSpecification","valueRequired":true,"valueName":"search_term_string"}}],"inLanguage":"en-GB"},{"@type":"Organization","@id":"https:\/\/www.cerramientosdelturia.com\/#organization","name":"Cerramientos del Turia","url":"https:\/\/www.cerramientosdelturia.com\/","logo":{"@type":"ImageObject","inLanguage":"en-GB","@id":"https:\/\/www.cerramientosdelturia.com\/#\/schema\/logo\/image\/","url":"https:\/\/www.cerramientosdelturia.com\/wp-content\/uploads\/2023\/03\/logo.png","contentUrl":"https:\/\/www.cerramientosdelturia.com\/wp-content\/uploads\/2023\/03\/logo.png","width":202,"height":51,"caption":"Cerramientos del Turia"},"image":{"@id":"https:\/\/www.cerramientosdelturia.com\/#\/schema\/logo\/image\/"}}]}},"_links":{"self":[{"href":"https:\/\/www.cerramientosdelturia.com\/en\/wp-json\/wp\/v2\/pages\/146","targetHints":{"allow":["GET"]}}],"collection":[{"href":"https:\/\/www.cerramientosdelturia.com\/en\/wp-json\/wp\/v2\/pages"}],"about":[{"href":"https:\/\/www.cerramientosdelturia.com\/en\/wp-json\/wp\/v2\/types\/page"}],"author":[{"embeddable":true,"href":"https:\/\/www.cerramientosdelturia.com\/en\/wp-json\/wp\/v2\/users\/1"}],"replies":[{"embeddable":true,"href":"https:\/\/www.cerramientosdelturia.com\/en\/wp-json\/wp\/v2\/comments?post=146"}],"version-history":[{"count":23,"href":"https:\/\/www.cerramientosdelturia.com\/en\/wp-json\/wp\/v2\/pages\/146\/revisions"}],"predecessor-version":[{"id":16942,"href":"https:\/\/www.cerramientosdelturia.com\/en\/wp-json\/wp\/v2\/pages\/146\/revisions\/16942"}],"wp:attachment":[{"href":"https:\/\/www.cerramientosdelturia.com\/en\/wp-json\/wp\/v2\/media?parent=146"}],"curies":[{"name":"wp","href":"https:\/\/api.w.org\/{rel}","templated":true}]}}